{"id":2616,"date":"2023-07-18T02:45:28","date_gmt":"2023-07-18T07:45:28","guid":{"rendered":"https:\/\/concsac.com\/wp\/?page_id=2616"},"modified":"2023-07-21T14:46:25","modified_gmt":"2023-07-21T19:46:25","slug":"aviso-de-privacidad","status":"publish","type":"page","link":"https:\/\/concsac.com\/wp\/aviso-de-privacidad\/","title":{"rendered":"Aviso de Privacidad"},"content":{"rendered":"\t\t<div data-elementor-type=\"wp-page\" data-elementor-id=\"2616\" class=\"elementor elementor-2616\">\n\t\t\t\t\t\t<section class=\"penci-section penci-disSticky penci-structure-10 elementor-section elementor-top-section elementor-element elementor-element-3b109e4 elementor-section-stretched elementor-section-boxed elementor-section-height-default elementor-section-height-default\" data-id=\"3b109e4\" data-element_type=\"section\" data-settings=\"{&quot;background_background&quot;:&quot;classic&quot;,&quot;stretch_section&quot;:&quot;section-stretched&quot;}\">\n\t\t\t\t\t\t<div class=\"elementor-container elementor-column-gap-extended\">\n\t\t\t\t\t<div class=\"penci-ercol-100 penci-ercol-order-1 penci-sticky-ct  elementor-column elementor-col-100 elementor-top-column elementor-element elementor-element-6558e7e\" data-id=\"6558e7e\" data-element_type=\"column\">\n\t\t\t<div class=\"elementor-widget-wrap elementor-element-populated\">\n\t\t\t\t\t\t<div class=\"elementor-element elementor-element-0ae552a elementor-widget elementor-widget-penci-fancy_heading\" data-id=\"0ae552a\" data-element_type=\"widget\" data-widget_type=\"penci-fancy_heading.default\">\n\t\t\t\t<div class=\"elementor-widget-container\">\n\t\t\t\t\t<div class=\"penci-fancy-heading penci-heading-text-center\">\r\n\t\t\t<div class=\"penci-fancy-heading-inner\">\r\n\t\t\t\t<h2 class=\"penci-heading-title\">AVISO DE PRIVACIDAD<\/h2><div class=\"penci-separator penci-separator- penci-separator-center\"><span class=\"penci-sep_holder penci-sep_holder_l\"><span class=\"penci-sep_line\"><\/span><\/span><span class=\"penci-sep_holder penci-sep_holder_r\"><span class=\"penci-sep_line\"><\/span><\/span><\/div>\t\t\t<\/div>\r\n\t\t<\/div>\r\n\t\t\t\t<\/div>\n\t\t\t\t<\/div>\n\t\t\t\t\t<\/div>\n\t\t<\/div>\n\t\t\t\t\t<\/div>\n\t\t<\/section>\n\t\t\t\t<section class=\"penci-section penci-disSticky penci-structure-10 elementor-section elementor-top-section elementor-element elementor-element-e281d76 elementor-section-boxed elementor-section-height-default elementor-section-height-default elementor-invisible\" data-id=\"e281d76\" data-element_type=\"section\" data-settings=\"{&quot;background_background&quot;:&quot;classic&quot;,&quot;animation&quot;:&quot;fadeInUp&quot;}\">\n\t\t\t\t\t\t<div class=\"elementor-container elementor-column-gap-default\">\n\t\t\t\t\t<div class=\"penci-ercol-100 penci-ercol-order-1 penci-sticky-ct  elementor-column elementor-col-100 elementor-top-column elementor-element elementor-element-cf58bec\" data-id=\"cf58bec\" data-element_type=\"column\">\n\t\t\t<div class=\"elementor-widget-wrap elementor-element-populated\">\n\t\t\t\t\t\t<div class=\"elementor-element elementor-element-4f20739 elementor-widget elementor-widget-text-editor\" data-id=\"4f20739\" data-element_type=\"widget\" data-widget_type=\"text-editor.default\">\n\t\t\t\t<div class=\"elementor-widget-container\">\n\t\t\t\t\t\t\t<p><span style=\"color: #808080;\">Concretos San Carlos, S.A. de C.V., se compromete a asegurar la privacidad de la informaci\u00f3n personal obtenida a trav\u00e9s de su sitio web <span style=\"color: #1e4980;\"><strong><a style=\"color: #1e4980;\" href=\"https:\/\/www.concsac.com\/\">https:\/\/www.concsac.com\/<\/a><\/strong><\/span><\/span><\/p><p>\u00a0<\/p><p><span style=\"color: #808080;\">Solicitamos leer cuidadosamente los t\u00e9rminos y condiciones descritos a continuaci\u00f3n, ya que la aportaci\u00f3n de sus datos personales constituye la aceptaci\u00f3n de estos lineamientos.<\/span><\/p>\t\t\t\t\t\t<\/div>\n\t\t\t\t<\/div>\n\t\t\t\t\t<\/div>\n\t\t<\/div>\n\t\t\t\t\t<\/div>\n\t\t<\/section>\n\t\t\t\t<section class=\"penci-section penci-disSticky penci-structure-10 elementor-section elementor-top-section elementor-element elementor-element-01d13a7 elementor-section-boxed elementor-section-height-default elementor-section-height-default elementor-invisible\" data-id=\"01d13a7\" data-element_type=\"section\" data-settings=\"{&quot;background_background&quot;:&quot;classic&quot;,&quot;animation&quot;:&quot;fadeInUp&quot;}\">\n\t\t\t\t\t\t<div class=\"elementor-container elementor-column-gap-default\">\n\t\t\t\t\t<div class=\"penci-ercol-100 penci-ercol-order-1 penci-sticky-ct  elementor-column elementor-col-100 elementor-top-column elementor-element elementor-element-e48b5fe\" data-id=\"e48b5fe\" data-element_type=\"column\">\n\t\t\t<div class=\"elementor-widget-wrap elementor-element-populated\">\n\t\t\t\t\t\t<div class=\"elementor-element elementor-element-01bd1bc elementor-widget elementor-widget-accordion\" data-id=\"01bd1bc\" data-element_type=\"widget\" data-widget_type=\"accordion.default\">\n\t\t\t\t<div class=\"elementor-widget-container\">\n\t\t\t\t\t<div class=\"elementor-accordion\">\n\t\t\t\t\t\t\t<div class=\"elementor-accordion-item\">\n\t\t\t\t\t<div id=\"elementor-tab-title-1821\" class=\"elementor-tab-title\" data-tab=\"1\" role=\"button\" aria-controls=\"elementor-tab-content-1821\" aria-expanded=\"false\">\n\t\t\t\t\t\t\t\t\t\t\t\t\t<span class=\"elementor-accordion-icon elementor-accordion-icon-left\" aria-hidden=\"true\">\n\t\t\t\t\t\t\t\t\t\t\t\t\t\t\t<span class=\"elementor-accordion-icon-closed\"><i class=\"fas fa-plus\"><\/i><\/span>\n\t\t\t\t\t\t\t\t<span class=\"elementor-accordion-icon-opened\"><i class=\"fas fa-minus\"><\/i><\/span>\n\t\t\t\t\t\t\t\t\t\t\t\t\t\t<\/span>\n\t\t\t\t\t\t\t\t\t\t\t\t<a class=\"elementor-accordion-title\" tabindex=\"0\">Responsable de los datos personales<\/a>\n\t\t\t\t\t<\/div>\n\t\t\t\t\t<div id=\"elementor-tab-content-1821\" class=\"elementor-tab-content elementor-clearfix\" data-tab=\"1\" role=\"region\" aria-labelledby=\"elementor-tab-title-1821\"><p class=\"MsoNormal\" style=\"text-align: justify;\">Para efectos del presente Aviso de Privacidad, Concretos San Carlos, S.A. de C.V., con domicilio en Avenida Uruguay, no. 410, int. 2, colonia 27 de septiembre, en la ciudad de Poza Rica de Hidalgo del Estado de Veracruz, ser\u00e1 responsable de recabar sus datos personales, del uso que se le d\u00e9 a los mismos y de su protecci\u00f3n.<\/p><\/div>\n\t\t\t\t<\/div>\n\t\t\t\t\t\t\t<div class=\"elementor-accordion-item\">\n\t\t\t\t\t<div id=\"elementor-tab-title-1822\" class=\"elementor-tab-title\" data-tab=\"2\" role=\"button\" aria-controls=\"elementor-tab-content-1822\" aria-expanded=\"false\">\n\t\t\t\t\t\t\t\t\t\t\t\t\t<span class=\"elementor-accordion-icon elementor-accordion-icon-left\" aria-hidden=\"true\">\n\t\t\t\t\t\t\t\t\t\t\t\t\t\t\t<span class=\"elementor-accordion-icon-closed\"><i class=\"fas fa-plus\"><\/i><\/span>\n\t\t\t\t\t\t\t\t<span class=\"elementor-accordion-icon-opened\"><i class=\"fas fa-minus\"><\/i><\/span>\n\t\t\t\t\t\t\t\t\t\t\t\t\t\t<\/span>\n\t\t\t\t\t\t\t\t\t\t\t\t<a class=\"elementor-accordion-title\" tabindex=\"0\">Tratamiento de los datos personales<\/a>\n\t\t\t\t\t<\/div>\n\t\t\t\t\t<div id=\"elementor-tab-content-1822\" class=\"elementor-tab-content elementor-clearfix\" data-tab=\"2\" role=\"region\" aria-labelledby=\"elementor-tab-title-1822\"><p>Para navegar por la p\u00e1gina web no es necesario facilitar ning\u00fan dato de car\u00e1cter personal. Los casos en los que el Titular s\u00ed proporciona datos personales son los siguientes:<\/p><p>\u00a0<\/p><p>\u00b7\u00a0\u00a0\u00a0\u00a0\u00a0\u00a0\u00a0 En caso de requerir informaci\u00f3n sobre vacantes laborales, se solicitar\u00e1 nombre completo, correo electr\u00f3nico, tel\u00e9fono y ciudad de residencia.<\/p><p>\u00b7\u00a0\u00a0\u00a0\u00a0\u00a0\u00a0\u00a0 Por otro lado, si tiene inter\u00e9s en formar parte de nuestra cartera de proveedores se necesitar\u00e1 el nombre de la empresa, un nombre de contacto, correo electr\u00f3nico y ciudad de residencia.<\/p><p>\u00b7\u00a0\u00a0\u00a0\u00a0\u00a0\u00a0\u00a0 Adem\u00e1s, si desea adquirir alguno de nuestros servicios se requerir\u00e1 de igual manera un el nombre de la empresa, un nombre de contacto, correo electr\u00f3nico y ciudad de residencia.<\/p><p>\u00b7\u00a0\u00a0\u00a0\u00a0\u00a0\u00a0\u00a0 Finalmente, si tiene alguna sugerencia hacia nosotros, esta puede ser an\u00f3nima, si usted lo desea. En caso de darle seguimiento a la misma, se solicitar\u00e1 su nombre, correo electr\u00f3nico y tel\u00e9fono.<\/p><\/div>\n\t\t\t\t<\/div>\n\t\t\t\t\t\t\t<div class=\"elementor-accordion-item\">\n\t\t\t\t\t<div id=\"elementor-tab-title-1823\" class=\"elementor-tab-title\" data-tab=\"3\" role=\"button\" aria-controls=\"elementor-tab-content-1823\" aria-expanded=\"false\">\n\t\t\t\t\t\t\t\t\t\t\t\t\t<span class=\"elementor-accordion-icon elementor-accordion-icon-left\" aria-hidden=\"true\">\n\t\t\t\t\t\t\t\t\t\t\t\t\t\t\t<span class=\"elementor-accordion-icon-closed\"><i class=\"fas fa-plus\"><\/i><\/span>\n\t\t\t\t\t\t\t\t<span class=\"elementor-accordion-icon-opened\"><i class=\"fas fa-minus\"><\/i><\/span>\n\t\t\t\t\t\t\t\t\t\t\t\t\t\t<\/span>\n\t\t\t\t\t\t\t\t\t\t\t\t<a class=\"elementor-accordion-title\" tabindex=\"0\">Finalidades del tratamiento<\/a>\n\t\t\t\t\t<\/div>\n\t\t\t\t\t<div id=\"elementor-tab-content-1823\" class=\"elementor-tab-content elementor-clearfix\" data-tab=\"3\" role=\"region\" aria-labelledby=\"elementor-tab-title-1823\"><p>Concretos San Carlos, S.A. de C.V., utilizar\u00e1 su informaci\u00f3n proporcionada \u00fanicamente para los siguientes fines:<\/p><p>\u00a0<\/p><p>\u00b7\u00a0\u00a0\u00a0\u00a0\u00a0\u00a0\u00a0 An\u00e1lisis estad\u00edsticos.<\/p><p>\u00b7\u00a0\u00a0\u00a0\u00a0\u00a0\u00a0\u00a0 Atenci\u00f3n a quejas y\/o sugerencias.<\/p><p>\u00b7\u00a0\u00a0\u00a0\u00a0\u00a0\u00a0\u00a0 Establecimiento de relaciones comerciales.<\/p><p>\u00b7\u00a0\u00a0\u00a0\u00a0\u00a0\u00a0\u00a0 Bolsa de trabajo.<\/p><p>\u00a0<\/p><p>Cabe mencionar que todos los datos personales derivados de los puntos antes se\u00f1alados ser\u00e1n tratados de forma que garantice la seguridad, confidencialidad e integridad del Titular.<\/p><\/div>\n\t\t\t\t<\/div>\n\t\t\t\t\t\t\t<div class=\"elementor-accordion-item\">\n\t\t\t\t\t<div id=\"elementor-tab-title-1824\" class=\"elementor-tab-title\" data-tab=\"4\" role=\"button\" aria-controls=\"elementor-tab-content-1824\" aria-expanded=\"false\">\n\t\t\t\t\t\t\t\t\t\t\t\t\t<span class=\"elementor-accordion-icon elementor-accordion-icon-left\" aria-hidden=\"true\">\n\t\t\t\t\t\t\t\t\t\t\t\t\t\t\t<span class=\"elementor-accordion-icon-closed\"><i class=\"fas fa-plus\"><\/i><\/span>\n\t\t\t\t\t\t\t\t<span class=\"elementor-accordion-icon-opened\"><i class=\"fas fa-minus\"><\/i><\/span>\n\t\t\t\t\t\t\t\t\t\t\t\t\t\t<\/span>\n\t\t\t\t\t\t\t\t\t\t\t\t<a class=\"elementor-accordion-title\" tabindex=\"0\">Mecanismos para manifestar negativa en el tratamiento de los datos personales<\/a>\n\t\t\t\t\t<\/div>\n\t\t\t\t\t<div id=\"elementor-tab-content-1824\" class=\"elementor-tab-content elementor-clearfix\" data-tab=\"4\" role=\"region\" aria-labelledby=\"elementor-tab-title-1824\"><p>El Titular tiene derecho al acceso de los datos que posee el Responsable y a los detalles de su tratamiento, as\u00ed como a rectificarlos en caso de ser inexactos o incompletos, o bien, cancelarlos cuando considere que no se requieren para alguna de las finalidades se\u00f1aladas en el presente Aviso de Privacidad.<\/p><p>\u00a0<\/p><p>Para el proceso de este tr\u00e1mite, deber\u00e1 enviar su solicitud v\u00eda correo electr\u00f3nico a <span style=\"color: #1e4980;\"><a style=\"color: #1e4980;\" href=\"mailto:contacto@concsac.com\">contacto@concsac.com<\/a><\/span>, adjuntando adem\u00e1s fotocopia de alg\u00fan documento que acredite su identidad. Cabe se\u00f1alar que la ejecuci\u00f3n del mismo es personal, por lo tanto, deber\u00e1 ser realizado directamente por el interesado. Asimismo, le agradeceremos incluir una descripci\u00f3n clara y precisa de los datos respecto de los que se busca ejercer alguno de los derechos ARCO de la Ley Federal de Protecci\u00f3n de Datos Personales en posici\u00f3n de los Particulares, y de cualquier otro elemento que nos permita identificar o localizar los datos personales en cuesti\u00f3n. Cuando se trate de \u201crectificaci\u00f3n\u201d de su informaci\u00f3n, deber\u00e1 indicarnos tambi\u00e9n cu\u00e1l es la modificaci\u00f3n exacta que busca realizar y presentar la documentaci\u00f3n necesaria que soporte la petici\u00f3n.<\/p><\/div>\n\t\t\t\t<\/div>\n\t\t\t\t\t\t\t<div class=\"elementor-accordion-item\">\n\t\t\t\t\t<div id=\"elementor-tab-title-1825\" class=\"elementor-tab-title\" data-tab=\"5\" role=\"button\" aria-controls=\"elementor-tab-content-1825\" aria-expanded=\"false\">\n\t\t\t\t\t\t\t\t\t\t\t\t\t<span class=\"elementor-accordion-icon elementor-accordion-icon-left\" aria-hidden=\"true\">\n\t\t\t\t\t\t\t\t\t\t\t\t\t\t\t<span class=\"elementor-accordion-icon-closed\"><i class=\"fas fa-plus\"><\/i><\/span>\n\t\t\t\t\t\t\t\t<span class=\"elementor-accordion-icon-opened\"><i class=\"fas fa-minus\"><\/i><\/span>\n\t\t\t\t\t\t\t\t\t\t\t\t\t\t<\/span>\n\t\t\t\t\t\t\t\t\t\t\t\t<a class=\"elementor-accordion-title\" tabindex=\"0\">Transferencia de datos personales<\/a>\n\t\t\t\t\t<\/div>\n\t\t\t\t\t<div id=\"elementor-tab-content-1825\" class=\"elementor-tab-content elementor-clearfix\" data-tab=\"5\" role=\"region\" aria-labelledby=\"elementor-tab-title-1825\"><p>Una vez que el Titular otorgue sus datos personales, el Responsable manifiesta que estos ser\u00e1n conservados en diferentes medios seguros que la tecnolog\u00eda permita, cuyo acceso estar\u00e1 limitado solamente a las personas f\u00edsicas y\/o morales con la que tengamos alguna relaci\u00f3n jur\u00eddica. En Concretos San Carlos, S.A. de C.V. contamos con las medidas de seguridad adecuadas para proteger el uso de su informaci\u00f3n por parte de terceros no autorizados. En caso de requerimiento de alguna autoridad, los datos podr\u00e1n ponerse a disposici\u00f3n de estas, dentro del estricto cumplimiento a la Ley.<\/p><\/div>\n\t\t\t\t<\/div>\n\t\t\t\t\t\t\t<div class=\"elementor-accordion-item\">\n\t\t\t\t\t<div id=\"elementor-tab-title-1826\" class=\"elementor-tab-title\" data-tab=\"6\" role=\"button\" aria-controls=\"elementor-tab-content-1826\" aria-expanded=\"false\">\n\t\t\t\t\t\t\t\t\t\t\t\t\t<span class=\"elementor-accordion-icon elementor-accordion-icon-left\" aria-hidden=\"true\">\n\t\t\t\t\t\t\t\t\t\t\t\t\t\t\t<span class=\"elementor-accordion-icon-closed\"><i class=\"fas fa-plus\"><\/i><\/span>\n\t\t\t\t\t\t\t\t<span class=\"elementor-accordion-icon-opened\"><i class=\"fas fa-minus\"><\/i><\/span>\n\t\t\t\t\t\t\t\t\t\t\t\t\t\t<\/span>\n\t\t\t\t\t\t\t\t\t\t\t\t<a class=\"elementor-accordion-title\" tabindex=\"0\">Consentimiento del Titular<\/a>\n\t\t\t\t\t<\/div>\n\t\t\t\t\t<div id=\"elementor-tab-content-1826\" class=\"elementor-tab-content elementor-clearfix\" data-tab=\"6\" role=\"region\" aria-labelledby=\"elementor-tab-title-1826\"><p>Por lo que respecta a lo dispuesto en el Art\u00edculo 8 de la Ley, se entender\u00e1 que el Titular concede el acceso a sus datos personales, cuando habi\u00e9ndose puesto a su disposici\u00f3n el presente Aviso de Privacidad, no manifieste su oposici\u00f3n.<\/p><\/div>\n\t\t\t\t<\/div>\n\t\t\t\t\t\t\t<div class=\"elementor-accordion-item\">\n\t\t\t\t\t<div id=\"elementor-tab-title-1827\" class=\"elementor-tab-title\" data-tab=\"7\" role=\"button\" aria-controls=\"elementor-tab-content-1827\" aria-expanded=\"false\">\n\t\t\t\t\t\t\t\t\t\t\t\t\t<span class=\"elementor-accordion-icon elementor-accordion-icon-left\" aria-hidden=\"true\">\n\t\t\t\t\t\t\t\t\t\t\t\t\t\t\t<span class=\"elementor-accordion-icon-closed\"><i class=\"fas fa-plus\"><\/i><\/span>\n\t\t\t\t\t\t\t\t<span class=\"elementor-accordion-icon-opened\"><i class=\"fas fa-minus\"><\/i><\/span>\n\t\t\t\t\t\t\t\t\t\t\t\t\t\t<\/span>\n\t\t\t\t\t\t\t\t\t\t\t\t<a class=\"elementor-accordion-title\" tabindex=\"0\">Cambio en el Aviso de Privacidad<\/a>\n\t\t\t\t\t<\/div>\n\t\t\t\t\t<div id=\"elementor-tab-content-1827\" class=\"elementor-tab-content elementor-clearfix\" data-tab=\"7\" role=\"region\" aria-labelledby=\"elementor-tab-title-1827\"><p>Cualquier modificaci\u00f3n a este aviso de privacidad podr\u00e1 consultarla en nuestra p\u00e1gina web <span style=\"color: #1e4980;\"><a style=\"color: #1e4980;\" href=\"https:\/\/www.concsac.com\/\">https:\/\/www.concsac.com\/<\/a><\/span><\/p><p><span style=\"text-decoration: underline;\">Fecha de actualizaci\u00f3n:<\/span> 21\/06\/23<\/p><\/div>\n\t\t\t\t<\/div>\n\t\t\t\t\t\t\t\t<\/div>\n\t\t\t\t<\/div>\n\t\t\t\t<\/div>\n\t\t\t\t\t<\/div>\n\t\t<\/div>\n\t\t\t\t\t<\/div>\n\t\t<\/section>\n\t\t\t\t<\/div>\n\t\t","protected":false},"excerpt":{"rendered":"<p>AVISO DE PRIVACIDAD Concretos San Carlos, S.A. de C.V., se compromete a asegurar la privacidad de la informaci\u00f3n personal obtenida a trav\u00e9s de su sitio web https:\/\/www.concsac.com\/ \u00a0 Solicitamos leer&hellip;<\/p>\n","protected":false},"author":1,"featured_media":0,"parent":0,"menu_order":0,"comment_status":"closed","ping_status":"closed","template":"page-fullwidth.php","meta":{"footnotes":""},"class_list":["post-2616","page","type-page","status-publish","hentry"],"_links":{"self":[{"href":"https:\/\/concsac.com\/wp\/wp-json\/wp\/v2\/pages\/2616","targetHints":{"allow":["GET"]}}],"collection":[{"href":"https:\/\/concsac.com\/wp\/wp-json\/wp\/v2\/pages"}],"about":[{"href":"https:\/\/concsac.com\/wp\/wp-json\/wp\/v2\/types\/page"}],"author":[{"embeddable":true,"href":"https:\/\/concsac.com\/wp\/wp-json\/wp\/v2\/users\/1"}],"replies":[{"embeddable":true,"href":"https:\/\/concsac.com\/wp\/wp-json\/wp\/v2\/comments?post=2616"}],"version-history":[{"count":70,"href":"https:\/\/concsac.com\/wp\/wp-json\/wp\/v2\/pages\/2616\/revisions"}],"predecessor-version":[{"id":2874,"href":"https:\/\/concsac.com\/wp\/wp-json\/wp\/v2\/pages\/2616\/revisions\/2874"}],"wp:attachment":[{"href":"https:\/\/concsac.com\/wp\/wp-json\/wp\/v2\/media?parent=2616"}],"curies":[{"name":"wp","href":"https:\/\/api.w.org\/{rel}","templated":true}]}}